{"id":27,"date":"2014-08-12T06:02:06","date_gmt":"2014-08-12T06:02:06","guid":{"rendered":"http:\/\/mccdemosite1.devsiteurl.com\/career-services\/?page_id=27"},"modified":"2017-09-13T13:09:19","modified_gmt":"2017-09-13T17:09:19","slug":"resumes","status":"publish","type":"page","link":"https:\/\/mccdemosite1.devsiteurl.com\/career-services\/resumes\/","title":{"rendered":"R\u00e9sum\u00e9 Help &amp; Samples"},"content":{"rendered":"<p>Writing an effective r\u00e9sum\u00e9\u00a0can be one of the most difficult parts of your job search, but you don&#8217;t have to go it alone!\u00a0\u00a0Schedule an appointment with\u00a0a Career Services staff member.\u00a0\u00a0We can help you prepare your first r\u00e9sum\u00e9\u00a0or\u00a0revise\u00a0your current r\u00e9sum\u00e9. <span style=\"color: #326499\"><strong>Scroll down<\/strong><\/span> to see a sample r\u00e9sum\u00e9 and cover letter to help\u00a0you get started.<\/p>\n<p>Before you even\u00a0think\u00a0about writing your\u00a0r\u00e9sum\u00e9\u00a0&#8230;\u00a0<span style=\"color: #006faf\"><strong><span style=\"color: #993366\">Start with a huge list.<\/span><\/strong>\u00a0<\/span>Remember. This isn&#8217;t a\u00a0r\u00e9sum\u00e9; it&#8217;s the\u00a0inspiration\u00a0for a\u00a0r\u00e9sum\u00e9. It&#8217;s the paper you&#8217;ll look back to when you&#8217;re trying to figure out how to start your\u00a0r\u00e9sum\u00e9.<\/p>\n<p>Writing a huge list can be tough. It&#8217;s a lot of information in one place. So what you should do is organize your list into the following sections:<\/p>\n<p style=\"padding-left: 30px\"><strong>Education<\/strong>: Where you went to school, what your GPA was (especially if it was very good J, a list of classes you took, what your major\/minor was. If you&#8217;re still in school, then your most up-to-date information is fine.<\/p>\n<p style=\"padding-left: 30px\"><strong>Skills<\/strong>: Speak any languages? What are all of your computer knowledge, especially of complicated software? Do you know how to operate heavy machinery?\u00a0All that stuff goes into the &#8220;skills&#8221; category. This is the catch-all category of things you know how to do because you never know what the employer may be looking for. But remember: <em>skills<\/em> are <span style=\"text-decoration: underline\">not<\/span> the same as <em>personal attributes<\/em> (organized, good with people, fast learner &#8211; these are personal attributes).<\/p>\n<p style=\"padding-left: 30px\"><strong>Work Experience<\/strong>: All the jobs you&#8217;ve ever had, and the dates that you had them.<\/p>\n<p style=\"padding-left: 30px\"><strong>Volunteering\/Community Service<\/strong>: What have you done for the community, church? What skills have you learned?<\/p>\n<p style=\"padding-left: 30px\"><strong>Honors<\/strong>: These are academic, athletic, or community awards or scholarships.<\/p>\n<p style=\"padding-left: 30px\"><strong>Activities<\/strong>\u00a0at home and at school: What have you done in your life that demonstrates responsibility, initiative, competence, teamwork, or other personal skills and qualities? Have you raised children? Been a caregiver? Managed your band? Participated in contests or competitions? Sung in your choir? Taught Sunday School? If you held any leadership positions in any of these activities, throw that in too. Some of these will not appear on your resume\u00a0as such,\u00a0but still can help to craft other parts of your resume (e.g. the Objective)<\/p>\n<p style=\"text-align: right;padding-left: 30px\"><strong>&#8211; from Monster.com<\/strong><\/p>\n<p style=\"text-align: left;padding-left: 30px\"><a href=\"http:\/\/mccdemosite1.devsiteurl.com\/career-services\/wp-content\/uploads\/sites\/6\/2014\/08\/R\u00e9sum\u00e92.jpg\"><img loading=\"lazy\" decoding=\"async\" class=\"wp-image-560 alignleft\" src=\"http:\/\/mccdemosite1.devsiteurl.com\/career-services\/wp-content\/uploads\/sites\/6\/2014\/08\/R\u00e9sum\u00e92.jpg\" alt=\"R\u00e9sum\u00e92\" width=\"139\" height=\"154\" \/><\/a>\u00a0Take a minute and <span style=\"color: #326499\"><strong>review these samples<\/strong> <\/span>to help get you started:<\/p>\n<p style=\"text-align: left;padding-left: 30px\"><a href=\"http:\/\/mccdemosite1.devsiteurl.com\/career-services\/wp-content\/uploads\/sites\/6\/2015\/12\/Sample-MCC-Student-R\u00e9sum\u00e9.pdf\">Sample MCC Student R\u00e9sum\u00e9<\/a><\/p>\n<p style=\"text-align: left;padding-left: 30px\"><a href=\"http:\/\/mccdemosite1.devsiteurl.com\/career-services\/wp-content\/uploads\/sites\/6\/2015\/12\/Sample-MCC-Student-Cover-Letter.pdf\">Sample MCC Student Cover Letter<\/a><\/p>\n<p style=\"text-align: left;padding-left: 30px\"><a href=\"http:\/\/mccdemosite1.devsiteurl.com\/career-services\/wp-content\/uploads\/sites\/6\/2015\/12\/Action-Verbs-for-Resumes.pdf\">Action-Verbs-for-Resumes<\/a><\/p>\n<p style=\"text-align: left;padding-left: 30px\"><a href=\"http:\/\/mccdemosite1.devsiteurl.com\/career-services\/wp-content\/uploads\/sites\/6\/2014\/08\/video-library.jpg\"><img loading=\"lazy\" decoding=\"async\" class=\"alignnone size-full wp-image-278\" src=\"http:\/\/mccdemosite1.devsiteurl.com\/career-services\/wp-content\/uploads\/sites\/6\/2014\/08\/video-library.jpg\" alt=\"video-library\" width=\"184\" height=\"28\" \/><\/a><\/p>\n<p><iframe loading=\"lazy\" title=\"How to Write a Great Resume and Cover Letter\" width=\"625\" height=\"352\" src=\"https:\/\/www.youtube.com\/embed\/PAthQKLhBTs?feature=oembed\" frameborder=\"0\" allow=\"accelerometer; autoplay; clipboard-write; encrypted-media; gyroscope; picture-in-picture; web-share\" referrerpolicy=\"strict-origin-when-cross-origin\" allowfullscreen><\/iframe><\/p>\n","protected":false},"excerpt":{"rendered":"<p>Writing an effective r\u00e9sum\u00e9\u00a0can be one of the most difficult parts of your job search, but you don&#8217;t have to go it alone!\u00a0\u00a0Schedule an appointment with\u00a0a Career Services staff member.\u00a0\u00a0We can help you prepare your first r\u00e9sum\u00e9\u00a0or\u00a0revise\u00a0your current r\u00e9sum\u00e9. Scroll down to see a sample r\u00e9sum\u00e9 and cover letter to help\u00a0you get started. Before you [&hellip;]<\/p>\n","protected":false},"author":2,"featured_media":0,"parent":0,"menu_order":7,"comment_status":"closed","ping_status":"closed","template":"","meta":{"footnotes":""},"class_list":["post-27","page","type-page","status-publish","hentry"],"_links":{"self":[{"href":"https:\/\/mccdemosite1.devsiteurl.com\/career-services\/wp-json\/wp\/v2\/pages\/27","targetHints":{"allow":["GET"]}}],"collection":[{"href":"https:\/\/mccdemosite1.devsiteurl.com\/career-services\/wp-json\/wp\/v2\/pages"}],"about":[{"href":"https:\/\/mccdemosite1.devsiteurl.com\/career-services\/wp-json\/wp\/v2\/types\/page"}],"author":[{"embeddable":true,"href":"https:\/\/mccdemosite1.devsiteurl.com\/career-services\/wp-json\/wp\/v2\/users\/2"}],"replies":[{"embeddable":true,"href":"https:\/\/mccdemosite1.devsiteurl.com\/career-services\/wp-json\/wp\/v2\/comments?post=27"}],"version-history":[{"count":14,"href":"https:\/\/mccdemosite1.devsiteurl.com\/career-services\/wp-json\/wp\/v2\/pages\/27\/revisions"}],"predecessor-version":[{"id":558,"href":"https:\/\/mccdemosite1.devsiteurl.com\/career-services\/wp-json\/wp\/v2\/pages\/27\/revisions\/558"}],"wp:attachment":[{"href":"https:\/\/mccdemosite1.devsiteurl.com\/career-services\/wp-json\/wp\/v2\/media?parent=27"}],"curies":[{"name":"wp","href":"https:\/\/api.w.org\/{rel}","templated":true}]}}