{"id":1464,"date":"2017-01-06T11:05:36","date_gmt":"2017-01-06T15:05:36","guid":{"rendered":"http:\/\/mccdemosite1.devsiteurl.com\/continuing-education\/?page_id=1464"},"modified":"2017-09-19T11:15:58","modified_gmt":"2017-09-19T15:15:58","slug":"cursos-en-espanol","status":"publish","type":"page","link":"https:\/\/mccdemosite1.devsiteurl.com\/continuing-education\/cursos-en-espanol\/","title":{"rendered":"Cursos en Espa\u00f1ol!"},"content":{"rendered":"<h2><img loading=\"lazy\" decoding=\"async\" class=\"alignright wp-image-1598 size-full\" src=\"http:\/\/mccdemosite1.devsiteurl.com\/continuing-education\/wp-content\/uploads\/sites\/32\/2017\/01\/spanish.jpg\" alt=\"\" width=\"400\" height=\"156\" \/>Programa de Certificado T\u00e9cnico en Electr\u00f3nica \u00a1Nuevo!<\/h2>\n<p>Seg\u00fan las \u00faltimas estad\u00edsticas del Departamento de Trabajo, \u201cEl empleo de los instaladores y reparadores de equipos comerciales e industriales se proyecta crecer un 5% desde el 2010 al 2020. \u00danase a nosotros si desea ser parte de esta profesi\u00f3n y convertirse en un t\u00e9cnico de electr\u00f3nicas, ensamblador, instalador o solucionador de problemas en el campo de la electr\u00f3nica. No se requiere conocimiento en electr\u00f3nica para matricularse en este programa, pero se requiere tener un diploma de escuela superior o equivalente y tener conocimiento b\u00e1sico en las matem\u00e1ticas. Adicionalmente, atenci\u00f3n a detalles, buena coordinaci\u00f3n y estabilidad de la mano te ayudar\u00e1 a tener \u00e9xito. Con este programa, usted lograr\u00e1 conocimientos y habilidades esenciales que le ayudar\u00e1 a entender, montar, calibrar, probar, mantener, solucionar problemas y reparar una amplia variedad de sistemas electr\u00f3nicos, el\u00e9ctricos y electromec\u00e1nicos.<\/p>\n<div  class='intense row ' style='padding-top: 30px; padding-bottom: 0px; margin-top: 0px; margin-bottom: 0px; '> <div class='intense col-lg-6 col-xs-12 col-sm-12 col-md-6 '><strong>Introducci\u00f3n a la Electr\u00f3nica<\/strong><br \/>\nCEU 3.2<br \/>\nAdquiera comprensi\u00f3n pr\u00e1ctica de las leyes<br \/>\nt\u00e9cnicas, reglas y otros conceptos fundamentales<br \/>\nque afectan el dise\u00f1o, construcci\u00f3n, instalaci\u00f3n,<br \/>\nmantenimiento y metodolog\u00eda de resoluci\u00f3n<br \/>\nde problemas para pr\u00e1cticamente todo tipo de<br \/>\nm\u00e1quinas electr\u00f3nicas. Tambi\u00e9n aprender\u00e1 el<br \/>\nfuncionamiento general, aplicaciones t\u00edpicas, fallas<br \/>\ncomunes y los procedimientos de prueba para los<br \/>\nprincipales componentes electr\u00f3nicos, el\u00e9ctricos<br \/>\ny electromec\u00e1nicos de uso com\u00fan. Se aprender\u00e1<br \/>\nr\u00e1pidamente a identificar estos componentes al<br \/>\ntrabajar con piezas reales y sus respectivos s\u00edmbolos<br \/>\nen diagramas esquem\u00e1ticos. Tambi\u00e9n se aborda<br \/>\nsoldadura b\u00e1sica, montaje de circuitos, y las t\u00e9cnicas<br \/>\npara montar y desmontar los componentes.<br \/>\nNOTA: Todos los materiales y equipos ser\u00e1n<br \/>\nprove\u00eddos por el maestro.<br \/>\n<strong>Instructor: Santronics, Inc.<\/strong><br \/>\n<strong> Tuition: $150 + general fee $450. Total $600<\/strong><br \/>\n<strong>ELEC 002-09 Saturdays, 9 a.m.-6 p.m.,<\/strong><br \/>\n<strong>October 21, 28, November 4, 11 (4 sessions)<\/strong> <\/div> <div class='intense col-lg-6 col-xs-12 col-sm-12 col-md-6 '><strong>Prueba de Equipos y Soluci\u00f3n de <\/strong><strong>Problemas<\/strong><br \/>\nCEU 2.0<br \/>\nAprenda a utilizar equipos de prueba para medir la<br \/>\nresistencia, voltaje, corriente, tiempo, frecuencia y<br \/>\notros par\u00e1metros importantes. Se presta particular<br \/>\natenci\u00f3n al uso correcto del mult\u00edmetro digital y<br \/>\ndel osciloscopio. Varios otros instrumentos tambi\u00e9n<br \/>\nson cubiertos y se emplean a lo largo de este curso.<br \/>\nPara mejorar a\u00fan m\u00e1s su comprensi\u00f3n de los temas<br \/>\ntratados, usted estar\u00e1 construyendo y \u201crefinando\u201d<br \/>\ncircuitos, y realizando mediciones en vivo con<br \/>\ncircuitos reales para practicar en clase.<br \/>\nNOTA: Todos los materiales y equipos ser\u00e1n<br \/>\nprove\u00eddos por el maestro.<br \/>\n<strong>Instructor: Santronics, Inc.<\/strong><br \/>\n<strong> Tuition: $100 + general fee $200. Total $300<\/strong><br \/>\n<strong>ELEC 003-09 Saturdays, 9 a.m.-6 p.m., and Saturday,<\/strong><br \/>\n<strong>9 a.m.-1 p.m., November 18, December 2 and<\/strong><br \/>\n<strong>Saturday, 9 a.m.-1 p.m., December 9<\/strong><\/div> <\/div><div  class='intense row ' style='padding-top: 30px; padding-bottom: 0px; margin-top: 0px; margin-bottom: 0px; '> <div class='intense col-lg-6 col-xs-12 col-sm-12 col-md-6 '><strong>Solucionando Problemas De Sistemas Electr\u00f3nicos<\/strong><br \/>\nCEU 4.4<br \/>\nReciba comprensi\u00f3n pr\u00e1ctica de la operaci\u00f3n y de<br \/>\nlas t\u00e9cnicas y procedimientos t\u00edpicos necesarios para<br \/>\ndiagnosticar, solucionar problemas y reparar circuitos<br \/>\nclaves que se encuentran com\u00fanmente en una<br \/>\namplia variedad de m\u00e1quinas. Usted va adquirir una<br \/>\ncomprensi\u00f3n m\u00e1s profunda de los temas tratados<br \/>\nmediante examinando y construyendo sistemas<br \/>\ncompletos y mediante realizando mediciones t\u00edpicas<br \/>\ny rutinas de solucionar problemas en las fuentes<br \/>\nde alimentaci\u00f3n de corriente continua y alterna,<br \/>\ncircuitos de temporizaci\u00f3n y detecci\u00f3n, circuitos<br \/>\nbasados en microprocesadores y l\u00f3gica, y otros<br \/>\ncircuitos relevantes reales para la pr\u00e1ctica en clase.<br \/>\nNOTA: Todos los materiales y equipos ser\u00e1n<br \/>\nprove\u00eddos por el maestro.<br \/>\n<strong>Instructor: Santronics, Inc.<\/strong><br \/>\n<strong>Tuition: $150 + general fee $450. Total $600.<\/strong><br \/>\n<strong>ELEC 004-08 Saturdays, 9 a.m.-6 p.m., and Saturday,<\/strong><br \/>\n<strong>9 a.m.-1 p.m., December 16, January 6, 13, 20, 27<\/strong><br \/>\n<strong>and Saturday, 9 a.m.-1 p.m., February 3 (6 sessions)<\/strong><\/div>\n<div class='intense col-lg-6 col-xs-12 col-sm-12 col-md-6 '><\/div> <\/div>\n<p>&nbsp;<\/p>\n<p>&nbsp;<\/p>\n","protected":false},"excerpt":{"rendered":"<p>Programa de Certificado T\u00e9cnico en Electr\u00f3nica \u00a1Nuevo! Seg\u00fan las \u00faltimas estad\u00edsticas del Departamento de Trabajo, \u201cEl empleo de los instaladores y reparadores de equipos comerciales e industriales se proyecta crecer un 5% desde el 2010 al 2020. \u00danase a nosotros si desea ser parte de esta profesi\u00f3n y convertirse en un t\u00e9cnico de electr\u00f3nicas, ensamblador, [&hellip;]<\/p>\n","protected":false},"author":1,"featured_media":0,"parent":0,"menu_order":14,"comment_status":"closed","ping_status":"closed","template":"","meta":{"footnotes":""},"class_list":["post-1464","page","type-page","status-publish","hentry"],"_links":{"self":[{"href":"https:\/\/mccdemosite1.devsiteurl.com\/continuing-education\/wp-json\/wp\/v2\/pages\/1464","targetHints":{"allow":["GET"]}}],"collection":[{"href":"https:\/\/mccdemosite1.devsiteurl.com\/continuing-education\/wp-json\/wp\/v2\/pages"}],"about":[{"href":"https:\/\/mccdemosite1.devsiteurl.com\/continuing-education\/wp-json\/wp\/v2\/types\/page"}],"author":[{"embeddable":true,"href":"https:\/\/mccdemosite1.devsiteurl.com\/continuing-education\/wp-json\/wp\/v2\/users\/1"}],"replies":[{"embeddable":true,"href":"https:\/\/mccdemosite1.devsiteurl.com\/continuing-education\/wp-json\/wp\/v2\/comments?post=1464"}],"version-history":[{"count":16,"href":"https:\/\/mccdemosite1.devsiteurl.com\/continuing-education\/wp-json\/wp\/v2\/pages\/1464\/revisions"}],"predecessor-version":[{"id":1718,"href":"https:\/\/mccdemosite1.devsiteurl.com\/continuing-education\/wp-json\/wp\/v2\/pages\/1464\/revisions\/1718"}],"wp:attachment":[{"href":"https:\/\/mccdemosite1.devsiteurl.com\/continuing-education\/wp-json\/wp\/v2\/media?parent=1464"}],"curies":[{"name":"wp","href":"https:\/\/api.w.org\/{rel}","templated":true}]}}