{"id":344,"date":"2015-07-17T13:23:52","date_gmt":"2015-07-17T17:23:52","guid":{"rendered":"http:\/\/mccdemosite1.devsiteurl.com\/continuing-education\/?page_id=344"},"modified":"2017-08-29T23:13:58","modified_gmt":"2017-08-30T03:13:58","slug":"professional-certificates","status":"publish","type":"page","link":"https:\/\/mccdemosite1.devsiteurl.com\/continuing-education\/professional-certificates\/","title":{"rendered":"Professional Certificates"},"content":{"rendered":"<p><strong><a href=\"http:\/\/mccdemosite1.devsiteurl.com\/wp-content\/uploads\/2015\/11\/Opportunities-Non-Credit-Book-11.30.16.pdf#page=59\" target=\"_blank\" rel=\"noopener\">911 Dispatcher Certification<\/a><\/strong><br \/>\nThis American Health Association course is designed to teach students life-saving concepts to treat adult victims of cardiac arrest and other cardiopulmonary emergencies. <a href=\"http:\/\/mccdemosite1.devsiteurl.com\/wp-content\/uploads\/2015\/11\/Opportunities-Non-Credit-Book-11.30.16.pdf#page=59\" target=\"_blank\" rel=\"noopener\">Learn more<\/a><\/p>\n<p><strong><a href=\"http:\/\/mccdemosite1.devsiteurl.com\/wp-content\/uploads\/2015\/11\/Opportunities-Non-Credit-Book-11.30.16.pdf#page=28\" target=\"_blank\" rel=\"noopener\">Animal Business Certificate<\/a><\/strong><br \/>\nThis program will give you the skills necessary to stay ahead of the \u201cpack\u201d in the animal care\u00a0industry. It\u2019s not \u201ca walk in the park\u201d but it is a business that is flexible and fun, and can easily increase your income. <a href=\"http:\/\/mccdemosite1.devsiteurl.com\/wp-content\/uploads\/2015\/11\/Opportunities-Non-Credit-Book-11.30.16.pdf#page=28\" target=\"_blank\" rel=\"noopener\">Learn more<\/a><\/p>\n<p><strong><a href=\"http:\/\/mccdemosite1.devsiteurl.com\/wp-content\/uploads\/2015\/11\/Opportunities-Non-Credit-Book-11.30.16.pdf#page=16\" target=\"_blank\" rel=\"noopener\">Appliance Repair Certificate<\/a><\/strong><br \/>\nAccording to the Department of Labor, \u201cJob opportunities for home appliance repair\u00a0technicians are expected to be excellent over the 2008-2018 period, with job openings\u00a0continuing to outnumber jobseekers.\u201d If you enjoy working with your hands and fixing things,\u00a0this is the course for you. <a href=\"http:\/\/mccdemosite1.devsiteurl.com\/wp-content\/uploads\/2015\/11\/Opportunities-Non-Credit-Book-11.30.16.pdf#page=16\" target=\"_blank\" rel=\"noopener\">Learn more<br \/>\n<\/a><br \/>\n<strong><a href=\"http:\/\/mccdemosite1.devsiteurl.com\/wp-content\/uploads\/2015\/11\/Opportunities-Non-Credit-Book-11.30.16.pdf#page=64\" target=\"_blank\" rel=\"noopener\">Computers and Microsoft 2013<\/a><\/strong><br \/>\nComputer Confidence I, II and III are for you if you have little or no computer knowledge. After successfully completing all courses, you may elect to move on to Microsoft Comprehensives where you will learn about additional features, tips and tools. <a href=\"http:\/\/mccdemosite1.devsiteurl.com\/wp-content\/uploads\/2015\/11\/Opportunities-Non-Credit-Book-11.30.16.pdf#page=64\" target=\"_blank\" rel=\"noopener\">Learn More.\u00a0<\/a><\/p>\n<p><strong><a href=\"http:\/\/mccdemosite1.devsiteurl.com\/wp-content\/uploads\/2015\/11\/Opportunities-Non-Credit-Book-11.30.16.pdf#page=73\" target=\"_blank\" rel=\"noopener\">Construction Management Certificate<\/a><\/strong><br \/>\nIf you are a construction worker, contractor, sub-contractor, building owner, facility manager\u00a0or architect who would like to learn to manage construction projects in a more professional\u00a0way, this program is for you. <a href=\"http:\/\/mccdemosite1.devsiteurl.com\/wp-content\/uploads\/2015\/11\/Opportunities-Non-Credit-Book-11.30.16.pdf#page=73\" target=\"_blank\" rel=\"noopener\">Learn more<\/a>.<\/p>\n<p><strong><a href=\"http:\/\/mccdemosite1.devsiteurl.com\/wp-content\/uploads\/2015\/11\/Opportunities-Non-Credit-Book-11.30.16.pdf#page=50\" target=\"_blank\" rel=\"noopener\">Content Specialty Certificate<\/a><\/strong>\u00a0 <span style=\"color: #000000;\">Gain content specialty training in order to teach upper elementary and middle school content areas &#8211; English, science, history and math. This program is ideal for teachers who want to become qualified to teach Middle School and broaden their employment prospects. Courses may be taken during the Spring, Summer and Fall semesters. <a href=\"http:\/\/mccdemosite1.devsiteurl.com\/wp-content\/uploads\/2015\/11\/Opportunities-Non-Credit-Book-11.30.16.pdf#page=50\" target=\"_blank\" rel=\"noopener\">Learn More<\/a>.\u00a0<\/span><em><br \/>\n<\/em><\/p>\n<p><a href=\"http:\/\/mccdemosite1.devsiteurl.com\/wp-content\/uploads\/2015\/11\/Opportunities-Non-Credit-Book-11.30.16.pdf#page=39\" target=\"_blank\" rel=\"noopener\"><strong>Dialysis Technician Certificate<\/strong><\/a><br \/>\nDialysis is the process of cleansing the blood of accumulated waste products. It is a complex\u00a0treatment requiring a team of highly trained professionals. Dialysis technicians are also referred to as renal dialysis, hemodialysis and nephrology technicians. According to the National Kidney Foundation, the leading cause of kidney failure is diabetes. It predicts that the number of Americans with diabetes will rise from 16 million in 2001 to 22 million by the year 2025. \u00a0<a href=\"http:\/\/mccdemosite1.devsiteurl.com\/wp-content\/uploads\/2015\/11\/Opportunities-Non-Credit-Book-11.30.16.pdf#page=39\" target=\"_blank\" rel=\"noopener\">Learn more<\/a>.<\/p>\n<p><strong><a href=\"http:\/\/mccdemosite1.devsiteurl.com\/wp-content\/uploads\/2015\/11\/Opportunities-Non-Credit-Book-11.30.16.pdf#page=38\" target=\"_blank\" rel=\"noopener\">ECG\/EKG Technician Certificate<\/a><\/strong><br \/>\nECG\/EKG technicians are considered to be one of today\u2019s in-demand allied health\u00a0professions.\u00a0<a href=\"http:\/\/mccdemosite1.devsiteurl.com\/wp-content\/uploads\/2015\/11\/Opportunities-Non-Credit-Book-11.30.16.pdf#page=38\" target=\"_blank\" rel=\"noopener\">Learn more<\/a>.<\/p>\n<p><strong><a href=\"http:\/\/mccdemosite1.devsiteurl.com\/wp-content\/uploads\/2015\/11\/Opportunities-Non-Credit-Book-11.30.16.pdf#page=17\" target=\"_blank\" rel=\"noopener\">Electronics for High Tech Industries Certificate<\/a><\/strong><br \/>\nAccording to the Bureau of Labor Statistics, \u201cEmployment of electrical and electronics\u00a0installers and repairers of commercial and industrial equipment is expected to grow by 5\u00a0percent from 2010 to 2020.\u201d If you want to be a part of this growing field and become an\u00a0electronics technician, assembler, installer or troubleshooter in the electronics field, this\u00a0program is for you. <a href=\"http:\/\/mccdemosite1.devsiteurl.com\/wp-content\/uploads\/2015\/11\/Opportunities-Non-Credit-Book-11.30.16.pdf#page=17\" target=\"_blank\" rel=\"noopener\">Learn more<\/a>.<\/p>\n<p><strong><a href=\"http:\/\/mccdemosite1.devsiteurl.com\/wp-content\/uploads\/2015\/11\/Opportunities-Non-Credit-Book-11.30.16.pdf#page=42\" target=\"_blank\" rel=\"noopener\">Electronic Health Records (EHR) Certificate<\/a><\/strong><br \/>\nThe Department of Health and Human Services, Centers for Medicare &amp; Medicaid\u00a0Services, has published the Stage 3 Meaningful Use Proposed Rule. This rule\u00a0maintains the requirement that Computerized Provider Order Entry (CPOE) be\u00a0executed by either a licensed health provider or a credentialed medical assistant, or\u00a0the equivalent. The Meaningful Use Rule established specific requirements for using\u00a0Electronic Health Records (EHRs). The Centers for Medicare and Medicaid Services\u00a0understand that delegating this task to the medical assistants would increase efficiency\u00a0and free up nurses and doctors. However, only certified Medical Assistants would\u00a0be allowed to perform this function. With knowledge about EHR technology, you will\u00a0distinguish yourself from the majority of applicants for a job in the field of Electronic\u00a0Health Records.\u00a0<a href=\"http:\/\/mccdemosite1.devsiteurl.com\/wp-content\/uploads\/2015\/11\/Opportunities-Non-Credit-Book-11.30.16.pdf#page=42\" target=\"_blank\" rel=\"noopener\">Learn more<\/a>.<\/p>\n<p><a href=\"http:\/\/mccdemosite1.devsiteurl.com\/wp-content\/uploads\/2015\/11\/Opportunities-Non-Credit-Book-11.30.16.pdf#page=33&quot;\" target=\"_blank\" rel=\"noopener\"><strong>Healthcare Administrative Specialist\u00a0Certificate<\/strong><\/a><br \/>\nA Healthcare Administrative Specialist (HASC) performs a variety of office and medical tasks associated with the healthcare industry. Formerly known as a medical secretary, the official name has evolved to reflect the increased responsibility and greater skills required to be a Healthcare Administrative Specialist. <a href=\"http:\/\/mccdemosite1.devsiteurl.com\/wp-content\/uploads\/2015\/11\/Opportunities-Non-Credit-Book-11.30.16.pdf#page=33\" target=\"_blank\" rel=\"noopener\">Learn More\u00a0<\/a><\/p>\n<p><a href=\"http:\/\/mccdemosite1.devsiteurl.com\/wp-content\/uploads\/2015\/11\/Opportunities-Non-Credit-Book-11.30.16.pdf#page=39\" target=\"_blank\" rel=\"noopener\"><strong>Health Information Coding Certificate<\/strong><\/a><br \/>\nIf you want a career in health information (medical records) coding, this program is for you,\u00a0whether or not you are currently in the medical profession.\u00a0<a href=\"http:\/\/mccdemosite1.devsiteurl.com\/wp-content\/uploads\/2015\/11\/Opportunities-Non-Credit-Book-11.30.16.pdf#page=39\" target=\"_blank\" rel=\"noopener\">Learn more<\/a>.<\/p>\n<p><strong><a href=\"http:\/\/mccdemosite1.devsiteurl.com\/wp-content\/uploads\/2015\/11\/Opportunities-Non-Credit-Book-11.30.16.pdf#page=21\" target=\"_blank\" rel=\"noopener\">Human Resources Certificate<\/a><\/strong><br \/>\nGain valuable skills that advance your career, benefit your organization and enhance your\u00a0chances for promotion. If you have less than two years\u2019 experience in human resources, have\u00a0no formal training or perform various human resource functions within your organization, this\u00a0certificate program can help you meet whatever goals you have. <a href=\"http:\/\/mccdemosite1.devsiteurl.com\/wp-content\/uploads\/2015\/11\/Opportunities-Non-Credit-Book-11.30.16.pdf#page=21\" target=\"_blank\" rel=\"noopener\">Learn More.<\/a><\/p>\n<p><strong><a href=\"http:\/\/mccdemosite1.devsiteurl.com\/wp-content\/uploads\/2015\/11\/Opportunities-Non-Credit-Book-11.30.16.pdf#page=41\" target=\"_blank\" rel=\"noopener\">ICD-10 Bridge Certificate<\/a><\/strong><br \/>\nAfter several extensions from the US Department of Health and Human Services, the implementation of ICD-10 Coding has finally arrived. ICD-10 coding has expended the ICD-9 codes from approximately 17,000 codes to 69,000 codes. ICD-10 is an alphanumeric classification system that is now expanded from five to seven characters. Because of the transition from ICD 9 to ICD-10, comparisons in health records, diagnosis and recovery and statistical analysis is now available worldwide.\u00a0<a href=\"http:\/\/mccdemosite1.devsiteurl.com\/wp-content\/uploads\/2015\/11\/Opportunities-Non-Credit-Book-11.30.16.pdf#page=41\" target=\"_blank\" rel=\"noopener\">Learn more<\/a>.<\/p>\n<p><strong><a href=\"http:\/\/mccdemosite1.devsiteurl.com\/wp-content\/uploads\/2015\/11\/Opportunities-Non-Credit-Book-11.30.16.pdf#page=20\" target=\"_blank\" rel=\"noopener\">The Management Certificate<\/a><\/strong><br \/>\nThis program is designed to assist anyone who is being asked to manage, supervise or lead\u00a0a team. It is for you if you want to refine your management skills, have no formal supervisory\u00a0training, are about to be promoted or are just thinking about management as a career path. <a href=\"http:\/\/mccdemosite1.devsiteurl.com\/wp-content\/uploads\/2015\/11\/Opportunities-Non-Credit-Book-11.30.16.pdf#page=20\" target=\"_blank\" rel=\"noopener\">Learn more<\/a>.<\/p>\n<p><strong><a href=\"http:\/\/mccdemosite1.devsiteurl.com\/wp-content\/uploads\/2015\/11\/Opportunities-Non-Credit-Book-11.30.16.pdf#page=30\" target=\"_blank\" rel=\"noopener\">Medical Assistant Certificate<\/a><\/strong><br \/>\nMedical assistants perform clinical tasks such as basic lab tests and assisting with\u00a0examinations and procedures as well as administrative tasks such as scheduling appointments,\u00a0coding, billing and patient education, under the direction of a licensed physician.\u00a0<a href=\"http:\/\/mccdemosite1.devsiteurl.com\/wp-content\/uploads\/2015\/11\/Opportunities-Non-Credit-Book-11.30.16.pdf#page=30\" target=\"_blank\" rel=\"noopener\">Learn more<\/a>.<\/p>\n<p><strong><a href=\"http:\/\/mccdemosite1.devsiteurl.com\/wp-content\/uploads\/2015\/11\/Opportunities-Non-Credit-Book-11.30.16.pdf#page=65\" target=\"_blank\" rel=\"noopener\">Microsoft Office\u00a02013<\/a><\/strong><br \/>\nThe comprehensive series is designed for students with little or no knowledge of MS Office\u00a0products and for those who want to learn more about MS 2013.\u00a0<a href=\"http:\/\/mccdemosite1.devsiteurl.com\/wp-content\/uploads\/2015\/11\/Opportunities-Non-Credit-Book-11.30.16.pdf#page=65\" target=\"_blank\" rel=\"noopener\">Learn more<\/a>.<\/p>\n<p><strong><a href=\"http:\/\/mccdemosite1.devsiteurl.com\/wp-content\/uploads\/2015\/11\/Opportunities-Non-Credit-Book-11.30.16.pdf#page=68\" target=\"_blank\" rel=\"noopener\">Microsoft Office\u00a02016<\/a><br \/>\n<\/strong>Whether you\u2019re needing or wanting to learn Microsoft\u2019s\u00a0newest Office release, we have the online courses\u00a0you need. <a href=\"http:\/\/mccdemosite1.devsiteurl.com\/wp-content\/uploads\/2015\/11\/Opportunities-Non-Credit-Book-11.30.16.pdf#page=68\" target=\"_blank\" rel=\"noopener\">Learn more<\/a>.<\/p>\n<p><strong><a href=\"http:\/\/mccdemosite1.devsiteurl.com\/wp-content\/uploads\/2015\/11\/Opportunities-Non-Credit-Book-11.30.16.pdf#page=72\" target=\"_blank\" rel=\"noopener\">New Jersey Uniform\u00a0Construction Code<br \/>\n<\/a><\/strong>The N.J. Uniform Construction Code requires candidates for licensure to complete specified educational programs. Licensing is based on a combination of education, experience and testing. Call the Department of Community Affairs at 609.984.7834 for information on specific licensing requirements and for additional sequencing information. Students must follow established prerequisites. <a href=\"http:\/\/mccdemosite1.devsiteurl.com\/wp-content\/uploads\/2015\/11\/Opportunities-Non-Credit-Book-11.30.16.pdf#page=72\">Learn More<\/a>.<\/p>\n<p><strong><a href=\"http:\/\/mccdemosite1.devsiteurl.com\/wp-content\/uploads\/2015\/11\/Opportunities-Non-Credit-Book-11.30.16.pdf#page=57\" target=\"_blank\" rel=\"noopener\">Nutrition Specialist Certification<\/a><\/strong><br \/>\nThis comprehensive certification course will enable you to implement successful strategies for effective nutritional guidance. It will cover the essentials of nutrition and explore the dynamics of the dietary supplement industry. Case studies and methods for practical application and coaching techniques will be discussed. The curriculum meets the training program standard for the American Academy of Sports Dieticians and Nutritionists\u2019 Nutrition Specialist (AASDN) credential. The online certification exam will be given on the last week of the class. <a href=\"http:\/\/mccdemosite1.devsiteurl.com\/wp-content\/uploads\/2015\/11\/Opportunities-Non-Credit-Book-11.30.16.pdf#page=57\" target=\"_blank\" rel=\"noopener\">Learn more<\/a>.<\/p>\n<p><a href=\"http:\/\/mccdemosite1.devsiteurl.com\/wp-content\/uploads\/2015\/11\/Opportunities-Non-Credit-Book-11.30.16.pdf#page=25\" target=\"_blank\" rel=\"noopener\"><strong>Personal Coaching Certification<\/strong><\/a><br \/>\nProfessional coaching is now a $2 billion a year industry. If you are interested in a career that helps people attain their goals and be productive, confident, and successful, then this may be a great opportunity for you! Work as an independent consultant or use your Professional Coaching certification to bolster your career opportunities in your current profession. <a href=\"http:\/\/mccdemosite1.devsiteurl.com\/wp-content\/uploads\/2015\/11\/Opportunities-Non-Credit-Book-11.30.16.pdf#page=25\" target=\"_blank\" rel=\"noopener\">Learn more<\/a>.<\/p>\n<p><a href=\"http:\/\/mccdemosite1.devsiteurl.com\/wp-content\/uploads\/2015\/11\/Opportunities-Non-Credit-Book-11.30.16.pdf#page=57\" target=\"_blank\" rel=\"noopener\"><strong>Personal Trainer: National Certification<\/strong><\/a><br \/>\nBecome a certified personal trainer in just six weeks! There has never been a better or more exciting time to be part of the fitness industry. With a growing emphasis on physical activity, an increased number of people are making fitness an integral part of their lives. Topics include elements of exercise science, client screening, program design, methods of training, injury prevention, exercise physiology, cardio respiratory fitness, nutrition and weight control. On the last day of class, the national certification exam is given. <a href=\"http:\/\/mccdemosite1.devsiteurl.com\/wp-content\/uploads\/2015\/11\/Opportunities-Non-Credit-Book-11.30.16.pdf#page=57\" target=\"_blank\" rel=\"noopener\">Learn more<\/a>.<\/p>\n<p><a href=\"http:\/\/mccdemosite1.devsiteurl.com\/wp-content\/uploads\/2015\/11\/Opportunities-Non-Credit-Book-11.30.16.pdf#page=43\" target=\"_blank\" rel=\"noopener\"><strong>Pharmacy Technician Certificate<\/strong><\/a><br \/>\nThis comprehensive 50-hour program will prepare students to work as a pharmacy technician\u00a0in retail or other pharmacy setting and to take the Pharmacy Technician Certification\u00a0Board\u2019s PTCB exam. Course content includes: Pharmacy medical terminology, the history\u00a0of pharmacy, the pharmacy practice in multiple environments, pharmacy calculations and\u00a0measurements, reading and interpreting prescriptions and defining drugs by generic and\u00a0brand names. Through classroom lecture and discussion, students will review dosage\u00a0calculations, drug classifications, the \u201ctop 200 drugs\u201d, I.V. flow rates, sterile compounding\u00a0dose conversions, aseptic technique, and the handling of sterile products. Total parenteral\u00a0nutrition (TPN), dispensing of prescriptions, inventory control, billing and reimbursement. <a href=\"http:\/\/mccdemosite1.devsiteurl.com\/wp-content\/uploads\/2015\/11\/Opportunities-Non-Credit-Book-11.30.16.pdf#page=43\" target=\"_blank\" rel=\"noopener\">Learn more<\/a>.<\/p>\n<p><a href=\"http:\/\/mccdemosite1.devsiteurl.com\/wp-content\/uploads\/2015\/11\/Opportunities-Non-Credit-Book-11.30.16.pdf#page=35\" target=\"_blank\" rel=\"noopener\"><strong>Phlebotomy Technician Certificate<\/strong><\/a><br \/>\nAccording to a report from the American Society of Clinical Pathologists, jobs in this area are\u00a0plentiful. This is the training you need. <a href=\"http:\/\/mccdemosite1.devsiteurl.com\/wp-content\/uploads\/2015\/11\/Opportunities-Non-Credit-Book-11.30.16.pdf#page=35\" target=\"_blank\" rel=\"noopener\">Learn more<\/a>.<\/p>\n<p><a href=\"http:\/\/mccdemosite1.devsiteurl.com\/wp-content\/uploads\/2015\/11\/Opportunities-Non-Credit-Book-11.30.16.pdf#page=62\" target=\"_blank\" rel=\"noopener\"><strong>PHP Programming and Database Certificate<\/strong><\/a><br \/>\nIf you are a current web developer or you are interested in enhancing your web-related\u00a0programming skills, you are invited to participate in this unique certificate program. Upon\u00a0completion of the three required courses, you will have marketable skills to design and build\u00a0dynamic and customizable web services through effective integration of Structure Query\u00a0Language (SQL) database functionalities and PHP programming capabilities. <a href=\"http:\/\/mccdemosite1.devsiteurl.com\/wp-content\/uploads\/2015\/11\/Opportunities-Non-Credit-Book-11.30.16.pdf#page=62\" target=\"_blank\" rel=\"noopener\">Learn more<\/a>.<\/p>\n<p><strong><a href=\"http:\/\/mccdemosite1.devsiteurl.com\/wp-content\/uploads\/2015\/11\/Opportunities-Non-Credit-Book-11.30.16.pdf#page=18\" target=\"_blank\" rel=\"noopener\">Programa de Certificado Tecnico en Electronica<\/a><\/strong><br \/>\nSeg\u00fan las \u00faltimas estad\u00edsticas del Departamento de Trabajo de EE.UU.: \u201cel empleo total de los instaladores y reparadores el\u00e9ctricos y electr\u00f3nicos se proyecta mostrar poco o ning\u00fan cambio a partir de 2012 a 2022. El empleo de los instaladores y reparadores de equipos comerciales e industriales se proyecta a crecer partir de 2012 a 2022 <a href=\"http:\/\/mccdemosite1.devsiteurl.com\/wp-content\/uploads\/2015\/11\/Opportunities-Non-Credit-Book-11.30.16.pdf#page=18\" target=\"_blank\" rel=\"noopener\">Learn more<\/a>.<\/p>\n<p><strong><a href=\"http:\/\/mccdemosite1.devsiteurl.com\/wp-content\/uploads\/2015\/11\/Opportunities-Non-Credit-Book-11.30.16.pdf#page=13\" target=\"_blank\" rel=\"noopener\">Project Management Certificate<\/a><\/strong><br \/>\nIncrease your employment opportunities and boost your job performance by earning the\u00a0Certified Associate in Project Management (CAPM) or the Project Management Professional\u00a0(PMP) credential from the Project Management Institute (PMI).\u00a0<a href=\"http:\/\/mccdemosite1.devsiteurl.com\/wp-content\/uploads\/2015\/11\/Opportunities-Non-Credit-Book-11.30.16.pdf#page=13\" target=\"_blank\" rel=\"noopener\">Learn more<\/a>.<\/p>\n<p><strong><a href=\"http:\/\/mccdemosite1.devsiteurl.com\/wp-content\/uploads\/2015\/11\/Opportunities-Non-Credit-Book-11.30.16.pdf#page=71\" target=\"_blank\" rel=\"noopener\">QuickBooks Pro 2015 Certificate<\/a><\/strong><strong><br \/>\n<\/strong>Before enrolling in QuickBooks Pro 2015: Level I, you must be familiar with basic accounting principles and have experience working on a PC.\u00a0<a href=\"http:\/\/mccdemosite1.devsiteurl.com\/wp-content\/uploads\/2015\/11\/Opportunities-Non-Credit-Book-11.30.16.pdf#page=71\" target=\"_blank\" rel=\"noopener\">Learn more<\/a>.<\/p>\n<p><strong><a href=\"http:\/\/mccdemosite1.devsiteurl.com\/wp-content\/uploads\/2015\/11\/Opportunities-Non-Credit-Book-11.30.16.pdf#page=12\" target=\"_blank\" rel=\"noopener\">ServSafe\u00ae Food Safety Manager Certificate<\/a><br \/>\n<\/strong>Register for this course to comply with New Jersey\u2019s mandatory legislation for Risk Register for this course to comply with New Jersey\u2019s mandatory legislation for Risk Type\u00a03 Food Establishments. At least one person in charge must be a certified food protection\u00a0manager by passing a food safety certification examination administered by an accredited\u00a0certifying program recognized by the Conference for Food Protection. Our seven-hour course\u00a0features instructor-led training and your exam (a minimum test score of 75 percent is needed\u00a0for food safety certification with the National Restaurant Association Education Foundation).\u00a0Participants who successfully complete this educational program will be awarded seven N.J.\u00a0Public Health Continuing Education Contact Hours (CE\u2019s). John Lukens has been approved\u00a0by the New Jersey Department of Health and Senior Services as a provider of New Jersey\u00a0Public Health Continuing Education Contact Hours (CE\u2019s).\u00a0<a href=\"http:\/\/mccdemosite1.devsiteurl.com\/wp-content\/uploads\/2015\/11\/Opportunities-Non-Credit-Book-11.30.16.pdf#page=12\" target=\"_blank\" rel=\"noopener\">Learn more<\/a>. <strong><br \/>\n<\/strong><\/p>\n<p><strong><a href=\"http:\/\/mccdemosite1.devsiteurl.com\/wp-content\/uploads\/2015\/11\/Opportunities-Non-Credit-Book-11.30.16.pdf#page=27\" target=\"_blank\" rel=\"noopener\">Veterinary Assistant Certificate<\/a><\/strong><br \/>\nThis online program will prepare you to become a productive member of a veterinary team.\u00a0You\u2019ll learn about every aspect of veterinary assisting, including anatomy and physiology,\u00a0animal restraint, laboratory sample collection, assisting in surgery and dentistry, prescription preparation, and taking radiographs. You\u2019ll also learn how to interact professionally with clients and gain the expertise you need to educate them about key topics in pet care such as nutrition, vaccinations and administering medication. This program is designed for people who want to work at a veterinary hospital and those who are already employed in positions in which they look after animals. Presented by Ed2go Career Training Programs. <a href=\"http:\/\/mccdemosite1.devsiteurl.com\/wp-content\/uploads\/2015\/11\/Opportunities-Non-Credit-Book-11.30.16.pdf#page=27\" target=\"_blank\" rel=\"noopener\">Learn more<\/a>.<\/p>\n<p><strong><a href=\"http:\/\/mccdemosite1.devsiteurl.com\/wp-content\/uploads\/2015\/11\/Opportunities-Non-Credit-Book-11.30.16.pdf#page=61\" target=\"_blank\" rel=\"noopener\">Web Marketing Certificate<\/a><\/strong><br \/>\nThe digital explosion has created tremendous opportunity. Being left out of the conversation or\u00a0not knowing that it exists can damage a business or brand. Learn the methods and techniques\u00a0that allow you to drive the messages to the feet of those who are not simply \u201ckicking the tires.\u201d You don\u2019t have to be a web designer or work in IT or marketing to benefit from this series. It is no longer sufficient to be computer savvy; now, digital fluency is the essential tool.\u00a0<a href=\"http:\/\/mccdemosite1.devsiteurl.com\/wp-content\/uploads\/2015\/11\/Opportunities-Non-Credit-Book-11.30.16.pdf#page=61\" target=\"_blank\" rel=\"noopener\">Learn more<\/a>.<\/p>\n","protected":false},"excerpt":{"rendered":"<p>911 Dispatcher Certification This American Health Association course is designed to teach students life-saving concepts to treat adult victims of cardiac arrest and other cardiopulmonary emergencies. Learn more Animal Business Certificate This program will give you the skills necessary to stay ahead of the \u201cpack\u201d in the animal care\u00a0industry. It\u2019s not \u201ca walk in the [&hellip;]<\/p>\n","protected":false},"author":1,"featured_media":0,"parent":0,"menu_order":12,"comment_status":"closed","ping_status":"closed","template":"","meta":{"footnotes":""},"class_list":["post-344","page","type-page","status-publish","hentry"],"_links":{"self":[{"href":"https:\/\/mccdemosite1.devsiteurl.com\/continuing-education\/wp-json\/wp\/v2\/pages\/344","targetHints":{"allow":["GET"]}}],"collection":[{"href":"https:\/\/mccdemosite1.devsiteurl.com\/continuing-education\/wp-json\/wp\/v2\/pages"}],"about":[{"href":"https:\/\/mccdemosite1.devsiteurl.com\/continuing-education\/wp-json\/wp\/v2\/types\/page"}],"author":[{"embeddable":true,"href":"https:\/\/mccdemosite1.devsiteurl.com\/continuing-education\/wp-json\/wp\/v2\/users\/1"}],"replies":[{"embeddable":true,"href":"https:\/\/mccdemosite1.devsiteurl.com\/continuing-education\/wp-json\/wp\/v2\/comments?post=344"}],"version-history":[{"count":72,"href":"https:\/\/mccdemosite1.devsiteurl.com\/continuing-education\/wp-json\/wp\/v2\/pages\/344\/revisions"}],"predecessor-version":[{"id":1682,"href":"https:\/\/mccdemosite1.devsiteurl.com\/continuing-education\/wp-json\/wp\/v2\/pages\/344\/revisions\/1682"}],"wp:attachment":[{"href":"https:\/\/mccdemosite1.devsiteurl.com\/continuing-education\/wp-json\/wp\/v2\/media?parent=344"}],"curies":[{"name":"wp","href":"https:\/\/api.w.org\/{rel}","templated":true}]}}