{"id":27,"date":"2015-03-14T06:30:13","date_gmt":"2015-03-14T06:30:13","guid":{"rendered":"http:\/\/mccdemosite1.devsiteurl.com\/perth-amboy-center\/?page_id=27"},"modified":"2015-03-14T08:06:51","modified_gmt":"2015-03-14T08:06:51","slug":"empleados-y-conexiones","status":"publish","type":"page","link":"https:\/\/mccdemosite1.devsiteurl.com\/perth-amboy-center\/portada-en-espanol\/empleados-y-conexiones\/","title":{"rendered":"Empleados y Conexiones"},"content":{"rendered":"<table border=\"0\" cellspacing=\"1\" cellpadding=\"8\" class=\"normal-table\">\n<tbody>\n<tr>\n<th>Nombre<\/th>\n<th>T\u00edtulo<\/th>\n<\/tr>\n<tr>\n<td><a href=\"mailto:MMora@middlesexcc.edu\">Mar\u00eda Mora<\/a><\/td>\n<td>Directora<\/td>\n<\/tr>\n<tr>\n<td><\/td>\n<td>Asistente de la Directora<\/td>\n<\/tr>\n<tr>\n<td><a href=\"mailto:AHolguin@middlesexcc.edu\">Ana Holguin<\/a><\/td>\n<td>Coordinadora de Sistemas<\/td>\n<\/tr>\n<tr>\n<td><a href=\"mailto:RGonzalez@middlesexcc.edu\">Rosibel Gonz\u00e1lez<\/a><\/td>\n<td>Asistente de Documentos Estudiantiles<\/td>\n<\/tr>\n<tr>\n<td><a href=\"mailto:MGonzalez@middlesexcc.edu\">Mirna Gonz\u00e1lez<\/a><\/td>\n<td>Asistente de Documentos Estudiantiles<\/td>\n<\/tr>\n<tr>\n<td><a href=\"mailto:LUrbach@middlesexcc.edu\">Linda Urbach<\/a><\/td>\n<td>Coordinadora del Proyecto<\/td>\n<\/tr>\n<tr>\n<td><a href=\"mailto:DOrtiz@middlesexcc.edu\">David Ort\u00edz<\/a><\/td>\n<td>Maestro JSAP<\/td>\n<\/tr>\n<tr>\n<td><\/td>\n<td>Maestra AWEP-CALM<\/td>\n<\/tr>\n<tr>\n<td><a href=\"mailto:VCuriel@middlesexcc.edu\">Vianka Curiel<\/a><\/td>\n<td>Ayudante del Maestro AWEP-CALM<\/td>\n<\/tr>\n<tr>\n<td><a href=\"mailto:LCortes@middlesexcc.edu\">Lillian Cortes<\/a><\/td>\n<td>Maestra AWEP<\/td>\n<\/tr>\n<tr>\n<td><a href=\"mailto:wmedina@middlesexcc.edu\">Wendy Medina<\/a><\/td>\n<td>Ayudante del Maestro AWEP<\/td>\n<\/tr>\n<tr>\n<td><a href=\"mailto:DBrown@middlesexcc.edu\">Duane Brown<\/a><\/td>\n<td>Ayudante del Programa JSAP<\/td>\n<\/tr>\n<tr>\n<td><a href=\"mailto:mrivera@middlesexcc.edu\">Miriam Ramos<\/a><\/td>\n<td>Ayudante<\/td>\n<\/tr>\n<tr>\n<td>Jorge Olivares<\/td>\n<td>Conserje<\/td>\n<\/tr>\n<\/tbody>\n<\/table>\n","protected":false},"excerpt":{"rendered":"<p>Nombre T\u00edtulo Mar\u00eda Mora Directora Asistente de la Directora Ana Holguin Coordinadora de Sistemas Rosibel Gonz\u00e1lez Asistente de Documentos Estudiantiles Mirna Gonz\u00e1lez Asistente de Documentos Estudiantiles Linda Urbach Coordinadora del Proyecto David Ort\u00edz Maestro JSAP Maestra AWEP-CALM Vianka Curiel Ayudante del Maestro AWEP-CALM Lillian Cortes Maestra AWEP Wendy Medina Ayudante del Maestro AWEP Duane Brown [&hellip;]<\/p>\n","protected":false},"author":1,"featured_media":0,"parent":23,"menu_order":1,"comment_status":"closed","ping_status":"open","template":"","meta":{"footnotes":""},"class_list":["post-27","page","type-page","status-publish","hentry"],"_links":{"self":[{"href":"https:\/\/mccdemosite1.devsiteurl.com\/perth-amboy-center\/wp-json\/wp\/v2\/pages\/27","targetHints":{"allow":["GET"]}}],"collection":[{"href":"https:\/\/mccdemosite1.devsiteurl.com\/perth-amboy-center\/wp-json\/wp\/v2\/pages"}],"about":[{"href":"https:\/\/mccdemosite1.devsiteurl.com\/perth-amboy-center\/wp-json\/wp\/v2\/types\/page"}],"author":[{"embeddable":true,"href":"https:\/\/mccdemosite1.devsiteurl.com\/perth-amboy-center\/wp-json\/wp\/v2\/users\/1"}],"replies":[{"embeddable":true,"href":"https:\/\/mccdemosite1.devsiteurl.com\/perth-amboy-center\/wp-json\/wp\/v2\/comments?post=27"}],"version-history":[{"count":4,"href":"https:\/\/mccdemosite1.devsiteurl.com\/perth-amboy-center\/wp-json\/wp\/v2\/pages\/27\/revisions"}],"predecessor-version":[{"id":44,"href":"https:\/\/mccdemosite1.devsiteurl.com\/perth-amboy-center\/wp-json\/wp\/v2\/pages\/27\/revisions\/44"}],"up":[{"embeddable":true,"href":"https:\/\/mccdemosite1.devsiteurl.com\/perth-amboy-center\/wp-json\/wp\/v2\/pages\/23"}],"wp:attachment":[{"href":"https:\/\/mccdemosite1.devsiteurl.com\/perth-amboy-center\/wp-json\/wp\/v2\/media?parent=27"}],"curies":[{"name":"wp","href":"https:\/\/api.w.org\/{rel}","templated":true}]}}